{"id":73,"date":"2021-07-13T15:10:28","date_gmt":"2021-07-13T18:10:28","guid":{"rendered":"http:\/\/naturezaemagia.com.br\/?page_id=73"},"modified":"2021-08-19T18:31:31","modified_gmt":"2021-08-19T21:31:31","slug":"sobre","status":"publish","type":"page","link":"https:\/\/naturezaemagia.com.br\/index.php\/sobre\/","title":{"rendered":"Sobre N\u00f3s"},"content":{"rendered":"\n\n\n\n\n\n\n\n<p style=\"text-align: center;\"><span style=\"font-size: 18px; background-color: transparent; color: black\">Somos uma fam\u00edlia de Sete Lagoas\/MG, mor\u00e1vamos no bairro\nvizinho e tivemos a oportunidade de adquirir essa propriedade rural de 23.000m\u00b2,\nem 2008, com mata nativa, um c\u00f3rrego lindo e uma bela hist\u00f3ria de que por aqui\nchegaram os bandeirantes que descobriram a cidade.\n<br>\n<br>\nEncantados com o local, constru\u00edmos uma pequena casa para\nque pud\u00e9ssemos mudar para cuidar, plantar \u00e1rvores nativas, preservar mais ainda\ne criar lindos jardins que harmonizam e embelezam os campos, atraindo novas\nesp\u00e9cies de p\u00e1ssaros.\n<br>\n<br>\nComo o local se tornava cada dia mais aconchegante,\nconstru\u00edmos a casa \u00e0 qual moramos hoje, uma piscina, uma sauna e mais um chal\u00e9,\npara compartilhar essa energia maravilhosa.\n<br>\n<br>\nCriamos aqui um novo conceito de hospedagem, com chal\u00e9s\nindependentes, decorados de forma harmoniosa e confort\u00e1vel, com su\u00edtes, cozinha\ncom utens\u00edlios b\u00e1sicos e funcionais, fornecemos roupa de cama e banho e nosso\ns\u00edtio \u00e9 cercado de fazenda vizinhas, permitindo ao visitante fazer caminhadas\nlongas e se desfrutar de um visual \u00fanico e deslumbrante do p\u00f4r do sol.\n<br>\n<br>\nO S\u00edtio Natureza &amp; Magia garante uma nova experi\u00eancia,\ncom casas exclusivas para receber voc\u00ea, sua fam\u00edlia ou amigos, casais que\nquerem viver um momento rom\u00e2ntico, pessoas que querem ter um Home office com\nmuito sossego e longe das preocupa\u00e7\u00f5es urbanas.\n<br>\n<br>\nOferecemos cuidado e aten\u00e7\u00e3o aos nossos h\u00f3spedes,\nproporcionado um contato todo especial com a Natureza.<\/span><\/p><p class=\"MsoNormal\" style=\"text-align: center; \"><span style=\"color: rgb(31, 73, 125);\"><em style=\"\"><strong><\/strong><\/em><\/span><o:p><\/o:p><\/p><p class=\"MsoNormal\"><o:p><\/o:p><\/p><br>\n\n\n","protected":false},"excerpt":{"rendered":"","protected":false},"author":1,"featured_media":438,"parent":0,"menu_order":0,"comment_status":"closed","ping_status":"closed","template":"","meta":{"om_disable_all_campaigns":false,"pagelayer_contact_templates":[],"_pagelayer_content":"","_monsterinsights_skip_tracking":false,"_monsterinsights_sitenote_active":false,"_monsterinsights_sitenote_note":"","_monsterinsights_sitenote_category":0,"footnotes":""},"class_list":["post-73","page","type-page","status-publish","has-post-thumbnail","hentry"],"_links":{"self":[{"href":"https:\/\/naturezaemagia.com.br\/index.php\/wp-json\/wp\/v2\/pages\/73","targetHints":{"allow":["GET"]}}],"collection":[{"href":"https:\/\/naturezaemagia.com.br\/index.php\/wp-json\/wp\/v2\/pages"}],"about":[{"href":"https:\/\/naturezaemagia.com.br\/index.php\/wp-json\/wp\/v2\/types\/page"}],"author":[{"embeddable":true,"href":"https:\/\/naturezaemagia.com.br\/index.php\/wp-json\/wp\/v2\/users\/1"}],"replies":[{"embeddable":true,"href":"https:\/\/naturezaemagia.com.br\/index.php\/wp-json\/wp\/v2\/comments?post=73"}],"version-history":[{"count":14,"href":"https:\/\/naturezaemagia.com.br\/index.php\/wp-json\/wp\/v2\/pages\/73\/revisions"}],"predecessor-version":[{"id":441,"href":"https:\/\/naturezaemagia.com.br\/index.php\/wp-json\/wp\/v2\/pages\/73\/revisions\/441"}],"wp:featuredmedia":[{"embeddable":true,"href":"https:\/\/naturezaemagia.com.br\/index.php\/wp-json\/wp\/v2\/media\/438"}],"wp:attachment":[{"href":"https:\/\/naturezaemagia.com.br\/index.php\/wp-json\/wp\/v2\/media?parent=73"}],"curies":[{"name":"wp","href":"https:\/\/api.w.org\/{rel}","templated":true}]}}