{"id":72,"date":"2021-07-13T15:10:28","date_gmt":"2021-07-13T18:10:28","guid":{"rendered":"http:\/\/naturezaemagia.com.br\/?page_id=72"},"modified":"2025-06-24T11:52:29","modified_gmt":"2025-06-24T14:52:29","slug":"inicial","status":"publish","type":"page","link":"https:\/\/naturezaemagia.com.br\/","title":{"rendered":"In\u00edcio"},"content":{"rendered":"\n\n\n<p style=\"text-align: center;\"><span style=\"font-size: 18px; background-color: transparent; color: black\">Paz, <p style=\"text-align: center;\"><span style=\"font-size: 18px; background-color: transparent; color: black\">\nTranquilidade, <p style=\"text-align: center;\"><span style=\"font-size: 18px; background-color: transparent; color: black\">Energia, <p style=\"text-align: center;\"><span style=\"font-size: 18px; background-color: transparent; color: black\">Beleza, <p style=\"text-align: center;\"><span style=\"font-size: 18px; background-color: transparent; color: black\">Aconchego, <p style=\"text-align: center;\"><span style=\"font-size: 18px; background-color: transparent; color: black\">Conex\u00e3o com a natureza.<br><br>\n<p style=\"text-align: center;\"><span style=\"font-size: 18px; background-color: transparent; color: black\">Tudo em um s\u00f3 lugar,<p style=\"text-align: center;\"><span style=\"font-size: 18px; background-color: transparent; color: black\">S\u00edtio Natureza &#038; Magia.<br><br>\nUm novo conceito de hospedagem,<p style=\"text-align: center;\"><p style=\"text-align: center;\"><span style=\"font-size: 18px; background-color: transparent; color: black\">Sinta-se em casa,<p style=\"text-align: center;\">\n<span style=\"font-size: 18px; background-color: transparent; color: black\">Ser\u00e1 um prazer receb\u00ea-lo,\n<br><span style=\"font-size: 18px; background-color: transparent; color: black\">Fa\u00e7a sua Reserva.\n<br>\n<h1 style = \"text-align:center; text-shadow: 0.1em 0.1em 0.2em black \"><span>Aluguel por temporada<\/span>.<\/h1>\n<br>\n\n\n\n\n\n\n\n\n\n\n\n\n\n\n\n\n\n\n\n\n\n\n\n\n\n\n\n\n\n\n\n\n\n\n\n\n\n\n\n\n\n\n\n\n\n\n\n\n\n\n\n\n\n\n\n\n\n<h2><p style=\"text-align: center;\"><span style=\"font-size: 22px; background-color: transparent; color: black\">CASA DO BOSQUE<o:p><\/o:p><\/span><\/p><\/h2>\n\n\n\n\n\n\n<p style=\"text-align: center;\"><span style=\"font-size: 18px; background-color: transparent; color: black\">Acomoda at\u00e9 06 pessoas, tem duas su\u00edtes,com banheiros\nconfort\u00e1veis, sala, cozinha, \u00e1rea de servi\u00e7o e varanda com vista para o jardim\ne o bosque.<o:p><\/o:p><\/span><\/p>\n<br>\n<p style=\"text-align: center;\"><span style=\"font-size: 18px; background-color: transparent; color: black\">Oferece:<o:p><\/o:p><\/span><\/p><p style=\"text-align: center;\"><span style=\"font-size: 18px; background-color: transparent; color: black\">-Quartos com cama de casal king size, tv ,ventiladores,\narm\u00e1rios;<o:p><\/o:p><\/span><\/p><p style=\"text-align: center;\"><span style=\"font-size: 18px; background-color: transparent; color: black\">-Roupa de cama e banho;<o:p><\/o:p><\/span><\/p><p style=\"text-align: center;\"><span style=\"font-size: 18px; background-color: transparent; color: black\">-Sala com 02 bicamas com colch\u00e3o box, 01 mesa de jantar com\n06 cadeiras;<o:p><\/o:p><\/span><\/p><p style=\"text-align: center;\"><span style=\"font-size: 18px; background-color: transparent; color: black\">-Cozinha com utens\u00edlios, 01 geladeira, 01 fog\u00e3o a g\u00e1s com forno,  &nbsp;sanduicheira, cafeteira e liquidificador;<o:p><\/o:p><\/span><p style=\"text-align: center;\"><span style=\"font-size: 18px; background-color: transparent; color: black\">-Garagem;<o:p><\/o:p><\/span><\/p><p style=\"text-align: center;\"><span style=\"font-size: 18px; background-color: transparent; color: black\">-Internet WiFi;<o:p><\/o:p><\/span><\/p><p style=\"text-align: center;\"><span style=\"font-size: 18px; background-color: transparent; color: black\">-Churrasqueira.<o:p><\/o:p><\/span><\/p>\n\n\n\n\n<p style = \"text-align:center\"><a href=\"http:\/\/airbnb.com\/h\/casa-inteira-sete-lagoas\" target=\"_blank\" rel=\"noopener\"><img decoding=\"async\" src=\"https:\/\/img.icons8.com\/color\/45\/000000\/airbnb.png\"\/><\/a><\/p>\n\n\n\n\n\n<h2><p style=\"text-align: center;\"><span style=\"font-size: 22px; background-color: transparent; color: black\">CHAL\u00c9 DA MATA<o:p><\/o:p><\/span><\/p><\/h2>\n\n\n<p style=\"text-align: center;\"><span style=\"font-size: 18px; background-color: transparent; color: black\"><font style=\"vertical-align: inherit;\"><font style=\"vertical-align: inherit;\">Acomoda 02 pessoas, tem uma su\u00edte com um pequeno closet, fica pr\u00f3ximo \u00e0 mata nativa, com decora\u00e7\u00e3o charmosa e rom\u00e2ntica.<\/font><\/font><o:p><\/o:p><\/span><\/p><p style=\"text-align: center;\"><span style=\"font-size: 18px; background-color: transparent; color: black\">\n<br><font style=\"vertical-align: inherit;\"><font style=\"vertical-align: inherit;\">\nOferece:<\/font><\/font><o:p><\/o:p><\/span><\/p><p style=\"text-align: center;\"><span style=\"font-size: 18px; background-color: transparent; color: black\"><font style=\"vertical-align: inherit;\"><font style=\"vertical-align: inherit;\">-Quarto com 01 cama de casal king size, 01 cama de solteiro e um colch\u00e3o extra, TV, ventilador de teto, cabides para roupas;<\/font><\/font><o:p><\/o:p><\/span><\/p><p style=\"text-align: center;\"><span style=\"font-size: 18px; background-color: transparent; color: black\"><font style=\"vertical-align: inherit;\"><font style=\"vertical-align: inherit;\">-Roupa de cama e banho;<\/font><\/font><o:p><\/o:p><\/span><\/p><p style=\"text-align: center;\"><\/p><p style=\"text-align: center;\"><span style=\"font-size: 18px; background-color: transparent; color: black\"><font style=\"vertical-align: inherit;\"><font style=\"vertical-align: inherit;\">-Cozinha com utens\u00edlios, 02 frigobares, 02 fog\u00f5es el\u00e9tricos de indu\u00e7\u00e3o, sanduicheira, caldo, forno el\u00e9trico e liquidificador;<\/font><\/font><o:p><\/o:p><\/span><\/p><p style=\"text-align: center;\"><span style=\"font-size: 18px; background-color: transparent; color: black\"><font style=\"vertical-align: inherit;\"><font style=\"vertical-align: inherit;\">-Garagem;<\/font><\/font><o:p><\/o:p><\/span><\/p><p style=\"text-align: center;\"><span style=\"font-size: 18px; background-color: transparent; color: black\"><font style=\"vertical-align: inherit;\"><font style=\"vertical-align: inherit;\">-Internet WiFi;<\/font><\/font><o:p><\/o:p><\/span><\/p>\n<p style=\"text-align: center;\"><span style=\"font-size: 18px; background-color: transparent; color: black\"><font style=\"vertical-align: inherit;\"><font style=\"vertical-align: inherit;\">-Churrasqueira.<\/font><\/font><o:p><\/o:p><\/span><\/p>\n\n\n\n\n<p style = \"text-align:center\"><a href=\"http:\/\/airbnb.com\/h\/casa-inteira-sete-lagoas\" target=\"_blank\" rel=\"noopener\"><img decoding=\"async\" src=\"https:\/\/img.icons8.com\/color\/45\/000000\/airbnb.png\"\/><\/a><\/p>\n\n\n\n\n\n\n\n\n\n<h2><p style=\"text-align: center;\"><span style=\"font-size: 22px; background-color: transparent; color: black\">SAUNA<o:p><\/o:p><\/span><\/p><\/h2>\n\n\n\n\n\n\n\n\n\n\n\n\n\n\n\n<p style=\"text-align: center;\"><span style=\"font-size: 18px; background-color: transparent; color: black\">Somos uma fam\u00edlia de Sete Lagoas\/MG, mor\u00e1vamos no bairro\nvizinho e tivemos a oportunidade de adquirir essa propriedade rural de 23.000m\u00b2,\nem 2008, com mata nativa, um c\u00f3rrego lindo e uma bela hist\u00f3ria de que por aqui\nchegaram os bandeirantes que descobriram a cidade.\n<br>\n<br>\nEncantados com o local, constru\u00edmos uma pequena casa para\nque pud\u00e9ssemos mudar para cuidar, plantar \u00e1rvores nativas, preservar mais ainda\ne criar lindos jardins que harmonizam e embelezam os campos, atraindo novas\nesp\u00e9cies de p\u00e1ssaros.\n<br>\n<br>\nComo o local se tornava cada dia mais aconchegante,\nconstru\u00edmos a casa \u00e0 qual moramos hoje, uma piscina, uma sauna e mais um chal\u00e9,\npara compartilhar essa energia maravilhosa.\n<br>\n<br>\nCriamos aqui um novo conceito de hospedagem, com chal\u00e9s\nindependentes, decorados de forma harmoniosa e confort\u00e1vel, com su\u00edtes, cozinha\ncom utens\u00edlios b\u00e1sicos e funcionais, fornecemos roupa de cama e banho e nosso\ns\u00edtio \u00e9 cercado de fazenda vizinhas, permitindo ao visitante fazer caminhadas\nlongas e se desfrutar de um visual \u00fanico e deslumbrante do p\u00f4r do sol.\n<br>\n<br>\nO S\u00edtio Natureza &amp; Magia garante uma nova experi\u00eancia,\ncom casas exclusivas para receber voc\u00ea, sua fam\u00edlia ou amigos, casais que\nquerem viver um momento rom\u00e2ntico, pessoas que querem ter um Home office com\nmuito sossego e longe das preocupa\u00e7\u00f5es urbanas.\n<br>\n<br>\nOferecemos cuidado e aten\u00e7\u00e3o aos nossos h\u00f3spedes,\nproporcionado um contato todo especial com a Natureza.<\/span><\/p><p class=\"MsoNormal\" style=\"text-align: center; \"><span style=\"color: rgb(31, 73, 125);\"><em style=\"\"><strong><\/strong><\/em><\/span><o:p><\/o:p><\/p><p class=\"MsoNormal\"><o:p><\/o:p><\/p><br>\n\n\n\n\n\n<h2><p style=\"text-align: center;\"><span style=\"font-size: 22px; background-color: transparent; color: black\">CASA DO BOSQUE<o:p><\/o:p><\/span><\/p><\/h2>\n\n\n\n\n\n\n<p style=\"text-align: center;\"><span style=\"font-size: 18px; background-color: transparent; color: black\">Acomoda at\u00e9 06 pessoas, tem duas su\u00edtes,com banheiros\nconfort\u00e1veis, sala, cozinha, \u00e1rea de servi\u00e7o e varanda com vista para o jardim\ne o bosque.<o:p><\/o:p><\/span><\/p>\n<br>\n<p style=\"text-align: center;\"><span style=\"font-size: 18px; background-color: transparent; color: black\">Oferece:<o:p><\/o:p><\/span><\/p><p style=\"text-align: center;\"><span style=\"font-size: 18px; background-color: transparent; color: black\">-Quartos com cama de casal king size, tv ,ventiladores,\narm\u00e1rios;<o:p><\/o:p><\/span><\/p><p style=\"text-align: center;\"><span style=\"font-size: 18px; background-color: transparent; color: black\">-Roupa de cama e banho;<o:p><\/o:p><\/span><\/p><p style=\"text-align: center;\"><span style=\"font-size: 18px; background-color: transparent; color: black\">-Sala com 02 bicamas com colch\u00e3o box, 01 mesa de jantar com\n06 cadeiras;<o:p><\/o:p><\/span><\/p><p style=\"text-align: center;\"><span style=\"font-size: 18px; background-color: transparent; color: black\">-Cozinha com utens\u00edlios, 01 geladeira, 01 fog\u00e3o a g\u00e1s com forno,  &nbsp;sanduicheira, cafeteira e liquidificador;<o:p><\/o:p><\/span><p style=\"text-align: center;\"><span style=\"font-size: 18px; background-color: transparent; color: black\">-Garagem;<o:p><\/o:p><\/span><\/p><p style=\"text-align: center;\"><span style=\"font-size: 18px; background-color: transparent; color: black\">-Internet WiFi;<o:p><\/o:p><\/span><\/p><p style=\"text-align: center;\"><span style=\"font-size: 18px; background-color: transparent; color: black\">-Churrasqueira.<o:p><\/o:p><\/span><\/p>\n\n\n\n\n<p style = \"text-align:center\"><a href=\"http:\/\/airbnb.com\/h\/casa-inteira-sete-lagoas\" target=\"_blank\" rel=\"noopener\"><img decoding=\"async\" src=\"https:\/\/img.icons8.com\/color\/45\/000000\/airbnb.png\"\/><\/a><\/p>\n\n\n\n\n\n<h2><p style=\"text-align: center;\"><span style=\"font-size: 22px; background-color: transparent; color: black\">CHAL\u00c9 DA MATA<o:p><\/o:p><\/span><\/p><\/h2>\n\n\n<p style=\"text-align: center;\"><span style=\"font-size: 18px; background-color: transparent; color: black\"><font style=\"vertical-align: inherit;\"><font style=\"vertical-align: inherit;\">Acomoda 02 pessoas, tem uma su\u00edte com um pequeno closet, fica pr\u00f3ximo \u00e0 mata nativa, com decora\u00e7\u00e3o charmosa e rom\u00e2ntica.<\/font><\/font><o:p><\/o:p><\/span><\/p><p style=\"text-align: center;\"><span style=\"font-size: 18px; background-color: transparent; color: black\">\n<br><font style=\"vertical-align: inherit;\"><font style=\"vertical-align: inherit;\">\nOferece:<\/font><\/font><o:p><\/o:p><\/span><\/p><p style=\"text-align: center;\"><span style=\"font-size: 18px; background-color: transparent; color: black\"><font style=\"vertical-align: inherit;\"><font style=\"vertical-align: inherit;\">-Quarto com 01 cama de casal king size, 01 cama de solteiro e um colch\u00e3o extra, TV, ventilador de teto, cabides para roupas;<\/font><\/font><o:p><\/o:p><\/span><\/p><p style=\"text-align: center;\"><span style=\"font-size: 18px; background-color: transparent; color: black\"><font style=\"vertical-align: inherit;\"><font style=\"vertical-align: inherit;\">-Roupa de cama e banho;<\/font><\/font><o:p><\/o:p><\/span><\/p><p style=\"text-align: center;\"><\/p><p style=\"text-align: center;\"><span style=\"font-size: 18px; background-color: transparent; color: black\"><font style=\"vertical-align: inherit;\"><font style=\"vertical-align: inherit;\">-Cozinha com utens\u00edlios, 02 frigobares, 02 fog\u00f5es el\u00e9tricos de indu\u00e7\u00e3o, sanduicheira, caldo, forno el\u00e9trico e liquidificador;<\/font><\/font><o:p><\/o:p><\/span><\/p><p style=\"text-align: center;\"><span style=\"font-size: 18px; background-color: transparent; color: black\"><font style=\"vertical-align: inherit;\"><font style=\"vertical-align: inherit;\">-Garagem;<\/font><\/font><o:p><\/o:p><\/span><\/p><p style=\"text-align: center;\"><span style=\"font-size: 18px; background-color: transparent; color: black\"><font style=\"vertical-align: inherit;\"><font style=\"vertical-align: inherit;\">-Internet WiFi;<\/font><\/font><o:p><\/o:p><\/span><\/p>\n<p style=\"text-align: center;\"><span style=\"font-size: 18px; background-color: transparent; color: black\"><font style=\"vertical-align: inherit;\"><font style=\"vertical-align: inherit;\">-Churrasqueira.<\/font><\/font><o:p><\/o:p><\/span><\/p>\n\n\n\n\n<p style = \"text-align:center\"><a href=\"http:\/\/airbnb.com\/h\/casa-inteira-sete-lagoas\" target=\"_blank\" rel=\"noopener\"><img decoding=\"async\" src=\"https:\/\/img.icons8.com\/color\/45\/000000\/airbnb.png\"\/><\/a><\/p>\n\n\n\n\n\n\n\n\n\n<h2><p style=\"text-align: center;\"><span style=\"font-size: 22px; background-color: transparent; color: black\">SAUNA<o:p><\/o:p><\/span><\/p><\/h2>\n\n\n\n\n\n\n\n\n\n\n\n\n\n\n\n<p style=\"text-align: center;\"><span style=\"font-size: 18px; background-color: transparent; color: black\">Somos uma fam\u00edlia de Sete Lagoas\/MG, mor\u00e1vamos no bairro\nvizinho e tivemos a oportunidade de adquirir essa propriedade rural de 23.000m\u00b2,\nem 2008, com mata nativa, um c\u00f3rrego lindo e uma bela hist\u00f3ria de que por aqui\nchegaram os bandeirantes que descobriram a cidade.\n<br>\n<br>\nEncantados com o local, constru\u00edmos uma pequena casa para\nque pud\u00e9ssemos mudar para cuidar, plantar \u00e1rvores nativas, preservar mais ainda\ne criar lindos jardins que harmonizam e embelezam os campos, atraindo novas\nesp\u00e9cies de p\u00e1ssaros.\n<br>\n<br>\nComo o local se tornava cada dia mais aconchegante,\nconstru\u00edmos a casa \u00e0 qual moramos hoje, uma piscina, uma sauna e mais um chal\u00e9,\npara compartilhar essa energia maravilhosa.\n<br>\n<br>\nCriamos aqui um novo conceito de hospedagem, com chal\u00e9s\nindependentes, decorados de forma harmoniosa e confort\u00e1vel, com su\u00edtes, cozinha\ncom utens\u00edlios b\u00e1sicos e funcionais, fornecemos roupa de cama e banho e nosso\ns\u00edtio \u00e9 cercado de fazenda vizinhas, permitindo ao visitante fazer caminhadas\nlongas e se desfrutar de um visual \u00fanico e deslumbrante do p\u00f4r do sol.\n<br>\n<br>\nO S\u00edtio Natureza &amp; Magia garante uma nova experi\u00eancia,\ncom casas exclusivas para receber voc\u00ea, sua fam\u00edlia ou amigos, casais que\nquerem viver um momento rom\u00e2ntico, pessoas que querem ter um Home office com\nmuito sossego e longe das preocupa\u00e7\u00f5es urbanas.\n<br>\n<br>\nOferecemos cuidado e aten\u00e7\u00e3o aos nossos h\u00f3spedes,\nproporcionado um contato todo especial com a Natureza.<\/span><\/p><p class=\"MsoNormal\" style=\"text-align: center; \"><span style=\"color: rgb(31, 73, 125);\"><em style=\"\"><strong><\/strong><\/em><\/span><o:p><\/o:p><\/p><p class=\"MsoNormal\"><o:p><\/o:p><\/p><br>\n\n\n","protected":false},"excerpt":{"rendered":"","protected":false},"author":1,"featured_media":0,"parent":0,"menu_order":0,"comment_status":"closed","ping_status":"closed","template":"","meta":{"om_disable_all_campaigns":false,"pagelayer_contact_templates":[],"_pagelayer_content":"","_monsterinsights_skip_tracking":false,"_monsterinsights_sitenote_active":false,"_monsterinsights_sitenote_note":"","_monsterinsights_sitenote_category":0,"footnotes":""},"class_list":["post-72","page","type-page","status-publish","hentry"],"_links":{"self":[{"href":"https:\/\/naturezaemagia.com.br\/index.php\/wp-json\/wp\/v2\/pages\/72","targetHints":{"allow":["GET"]}}],"collection":[{"href":"https:\/\/naturezaemagia.com.br\/index.php\/wp-json\/wp\/v2\/pages"}],"about":[{"href":"https:\/\/naturezaemagia.com.br\/index.php\/wp-json\/wp\/v2\/types\/page"}],"author":[{"embeddable":true,"href":"https:\/\/naturezaemagia.com.br\/index.php\/wp-json\/wp\/v2\/users\/1"}],"replies":[{"embeddable":true,"href":"https:\/\/naturezaemagia.com.br\/index.php\/wp-json\/wp\/v2\/comments?post=72"}],"version-history":[{"count":65,"href":"https:\/\/naturezaemagia.com.br\/index.php\/wp-json\/wp\/v2\/pages\/72\/revisions"}],"predecessor-version":[{"id":467,"href":"https:\/\/naturezaemagia.com.br\/index.php\/wp-json\/wp\/v2\/pages\/72\/revisions\/467"}],"wp:attachment":[{"href":"https:\/\/naturezaemagia.com.br\/index.php\/wp-json\/wp\/v2\/media?parent=72"}],"curies":[{"name":"wp","href":"https:\/\/api.w.org\/{rel}","templated":true}]}}