{"id":306,"date":"2021-08-12T11:21:28","date_gmt":"2021-08-12T14:21:28","guid":{"rendered":"https:\/\/naturezaemagia.com.br\/?page_id=306"},"modified":"2021-08-14T14:57:16","modified_gmt":"2021-08-14T17:57:16","slug":"naturezamagia","status":"publish","type":"page","link":"https:\/\/naturezaemagia.com.br\/index.php\/naturezamagia\/","title":{"rendered":"Coment\u00e1rios"},"content":{"rendered":"\n\n\n<h4><b>Sarah, \n Julho 2021<\/h4><\/b>\n<p>Ficamos muito satisfeitos com a nossa estadia. O lugar faz jus as fotos com tudo muito limpo e bem cuidado! A dist\u00e2ncia entre as casas \u00e9 o suficiente para manter a privacidade entre elas e o \u00fanico barulho que existe \u00e9 o som da natureza. Mesmo assim, tem f\u00e1cil acesso a cidade e ao mirante Santa Helena, que tem uma vista maravilhosa do por-do-sol e de toda a cidade. Foi um fim de semana simplesmente perfeito!<\/p>\n<\/br>\n<p>~~~~<\/p>\n<h4><b>Rafael, Julho 2021<\/h4><\/b>\n<p>Excelente local, anfitri\u00f5es hospitaleiros e prestativos!!! Vale muito a pena.<\/p>\n<\/br>\n<p>~~~~<\/p>\n<h4><b>Ricardo, Julho 2021<\/h4><\/b>\n\n<p>O chal\u00e9 \u00e9 charmoso e conta com uma vista linda! Tinha tudo o que precisamos para passar um fim de semana. O s\u00edtio onde ele est\u00e1 conta com um belo jardim e um outro port\u00e3o de entrada, al\u00e9m do condom\u00ednio, o que fez nos sentirmos seguros. Mesmo com uma fam\u00edlia hospedada na outra casa do sitio, foi tranquilo manter os cuidados em rela\u00e7\u00e3o \u00e0 pandemia. A Ana \u00e9 muito simp\u00e1tica e nos respondeu prontamente! Com certeza voltaremos \ud83d\ude42<\/p>\n<\/br>\n<p>~~~~<\/p>\n<h4><b>Fab\u00edola, Maio\/2021<\/h4><\/b>\n<p>Um cantinho perfeito pra quem procura paz de esp\u00edrito e descanso n\u00e3o s\u00f3 do corpo mas mente tamb\u00e9m! Tudo muito limpo e organizado! Anfitri\u00f5es sempre atentos a qualquer necessidade que surgir. recomendo n\u00e3o s\u00f3 pra casais mas pra fam\u00edlia toda que busca interagir com a natureza \u00e9 a magia que a casa nos oferece.<\/p>\n<p>~~~~<\/p>\n<h4><b>Gustavo Junho 2021<\/h4><\/b>\n<p>Simplesmente ENCANTADO com tudo! O Felipe foi um \u00f3timo anfitri\u00e3o e me ajudou em tudo que precisei. O lugar \u00e9 simplesmente fant\u00e1stico e supera todas as expectativas. Tivemos um atendimento maravilhoso do check in at\u00e9 o check out e com certeza foi um fim de semana inesquec\u00edvel. De b\u00f4nus ainda tem o anfitri\u00e3o Axel (cachorro) que \u00e9 a coisa mais linda desse mundo, d\u00e1 vontade de trazer no porta malas! Ana e fam\u00edlia, obrigado por tanto, estou extremamente grato \u2764\ufe0f.<\/p>\n<p>~~~~<\/p>\n<h4><b>Fernanda, Maio 2021<\/h4><\/b>\n<p>O espa\u00e7o \u00e9 realmente especial&#8230;a casa \u00e9 muito confort\u00e1vel e aconchegante, a natureza e o p\u00f4r do sol s\u00e3o um espet\u00e1culo a parte. O s\u00edtio \u00e9 um local para quem est\u00e1 em busca de descanso, onde \u00e9 poss\u00edvel se desconectar da loucura do dia a dia e contemplar a natureza, ouvir o som dos p\u00e1ssaros&#8230;foram dias inesquec\u00edveis e certamente voltaremos em breve. Agradecemos a Ana e ao Luis pela receptividade e hospitalidade e por possibilitarem uma excelente estada para n\u00f3s!.<\/p>\n<p>~~~~<\/p>\n<h4><b>Filipe, Abril 2021<\/h4><\/b>\n<p>O nosso passeio e hospedagem com a Ana foram \u00f3timos. O lugar \u00e9 muito tranquilo, sossegado, cheio de \u00e1rvores e plantas muito bem cuidadas e que proporcionam muita paz e relaxamento. A Ana foi sempre muito atenciosa, respondeu todas as nossas mensagens rapidamente e esteve sempre a disposi\u00e7\u00e3o. A fam\u00edlia da Ana tamb\u00e9m muito educada, fizeram tudo para nos sentirmos \u201cem casa\u201d. Se voc\u00ea est\u00e1 procurando um lugar para descansar o corpo e mente pode ir que vai gostar bastante. \u00c9 muito pr\u00f3ximo de BH, o acesso \u00e9 super tranquilo, h\u00e1 a op\u00e7\u00e3o de pedir delivery l\u00e1, mas tamb\u00e9m h\u00e1 toda a estrutura para caso queira cozinhar (que foi o que fizemos). Fomos nessa fase terr\u00edvel da Pandemia de COVID-19, mas tudo estava totalmente limpo e higienizado. H\u00e1 \u00e1lcool em gel \u00e0 disposi\u00e7\u00e3o, os protocolos s\u00e3o todos seguidos, e foi poss\u00edvel descansar um pouco dessa loucura l\u00e1. Fomos dois casais e um beb\u00ea de 10 meses e foi super tranquilo. Os dois quartos s\u00e3o su\u00edtes muito confort\u00e1veis. Curtimos ainda mais o Axel (c\u00e3o) e o Tylenol (gato), os pets que de vez em quando apareciam para nos visitar. O Axel \u00e9 muito d\u00f3cil e tranquilo. O Tylenol s\u00f3 vimos na chegada, e em passeios pelo espa\u00e7o da Ana. N\u00e3o nos incomodaram em nada. Esperamos voltar mais vezes<\/p>\n<p>~~~~<\/p>\n<h4><b>Daniel, Novembro 2020<\/h4><\/b>\n<p>Para quem busca sossego e um lugar agrad\u00e1vel para descansar a alma n\u00e3o ir\u00e1 encontrar melhor. Chal\u00e9 aconchegante com estrutura completa de cozinha, al\u00e9m da proximidade com padaria, sacol\u00e3o e supermercado. Espa\u00e7o ideal para casais e tamb\u00e9m em fam\u00edlia. Por fim, piscina com vista para natureza e espa\u00e7o para caminhada.<\/p>\n<p>~~~~<\/p>\n<h4><b>Luiza, Agosto 2020<\/h4><\/b>\n<p>Ana L\u00facia foi super prestativa nas respostas. \u00d3tima hospedagem, a ch\u00e1cara realmente tem uma beleza encantadora! Com certeza iremos voltar e j\u00e1 recomendamos a amigos interessados.<\/p>\n<p>~~~~<\/p>\n\n\n\n\n\n\n\n","protected":false},"excerpt":{"rendered":"","protected":false},"author":1,"featured_media":0,"parent":0,"menu_order":0,"comment_status":"closed","ping_status":"closed","template":"","meta":{"om_disable_all_campaigns":false,"pagelayer_contact_templates":[],"_pagelayer_content":"","_monsterinsights_skip_tracking":false,"_monsterinsights_sitenote_active":false,"_monsterinsights_sitenote_note":"","_monsterinsights_sitenote_category":0,"footnotes":""},"class_list":["post-306","page","type-page","status-publish","hentry"],"_links":{"self":[{"href":"https:\/\/naturezaemagia.com.br\/index.php\/wp-json\/wp\/v2\/pages\/306","targetHints":{"allow":["GET"]}}],"collection":[{"href":"https:\/\/naturezaemagia.com.br\/index.php\/wp-json\/wp\/v2\/pages"}],"about":[{"href":"https:\/\/naturezaemagia.com.br\/index.php\/wp-json\/wp\/v2\/types\/page"}],"author":[{"embeddable":true,"href":"https:\/\/naturezaemagia.com.br\/index.php\/wp-json\/wp\/v2\/users\/1"}],"replies":[{"embeddable":true,"href":"https:\/\/naturezaemagia.com.br\/index.php\/wp-json\/wp\/v2\/comments?post=306"}],"version-history":[{"count":21,"href":"https:\/\/naturezaemagia.com.br\/index.php\/wp-json\/wp\/v2\/pages\/306\/revisions"}],"predecessor-version":[{"id":422,"href":"https:\/\/naturezaemagia.com.br\/index.php\/wp-json\/wp\/v2\/pages\/306\/revisions\/422"}],"wp:attachment":[{"href":"https:\/\/naturezaemagia.com.br\/index.php\/wp-json\/wp\/v2\/media?parent=306"}],"curies":[{"name":"wp","href":"https:\/\/api.w.org\/{rel}","templated":true}]}}